{"id":13029,"date":"2019-08-29T12:46:53","date_gmt":"2019-08-29T12:46:53","guid":{"rendered":"https:\/\/sale-ostrava.cz\/proc-sale\/"},"modified":"2021-10-26T09:59:38","modified_gmt":"2021-10-26T09:59:38","slug":"proc-sale","status":"publish","type":"page","link":"https:\/\/sale-ostrava.cz\/de\/proc-sale\/","title":{"rendered":"Warum SALE"},"content":{"rendered":"","protected":false},"excerpt":{"rendered":"","protected":false},"author":1,"featured_media":0,"parent":0,"menu_order":0,"comment_status":"closed","ping_status":"closed","template":"views\/template-whysale.blade.php","meta":{"_acf_changed":false,"footnotes":""},"class_list":["post-13029","page","type-page","status-publish","hentry"],"acf":[],"yoast_head":"<!-- This site is optimized with the Yoast SEO plugin v27.0 - https:\/\/yoast.com\/product\/yoast-seo-wordpress\/ -->\n<title>Warum SALE - SALE s.r.o.<\/title>\n<meta name=\"robots\" content=\"index, follow, max-snippet:-1, max-image-preview:large, max-video-preview:-1\" \/>\n<link rel=\"canonical\" href=\"https:\/\/sale-ostrava.cz\/de\/proc-sale\/\" \/>\n<meta property=\"og:locale\" content=\"de_DE\" \/>\n<meta property=\"og:type\" content=\"article\" \/>\n<meta property=\"og:title\" content=\"Warum SALE - SALE s.r.o.\" \/>\n<meta property=\"og:url\" content=\"https:\/\/sale-ostrava.cz\/de\/proc-sale\/\" \/>\n<meta property=\"og:site_name\" content=\"SALE s.r.o.\" \/>\n<meta property=\"article:modified_time\" content=\"2021-10-26T09:59:38+00:00\" \/>\n<meta name=\"twitter:card\" content=\"summary_large_image\" \/>\n<script type=\"application\/ld+json\" class=\"yoast-schema-graph\">{\"@context\":\"https:\/\/schema.org\",\"@graph\":[{\"@type\":\"WebPage\",\"@id\":\"https:\/\/sale-ostrava.cz\/de\/proc-sale\/\",\"url\":\"https:\/\/sale-ostrava.cz\/de\/proc-sale\/\",\"name\":\"Warum SALE - SALE s.r.o.\",\"isPartOf\":{\"@id\":\"https:\/\/sale-ostrava.cz\/#website\"},\"datePublished\":\"2019-08-29T12:46:53+00:00\",\"dateModified\":\"2021-10-26T09:59:38+00:00\",\"breadcrumb\":{\"@id\":\"https:\/\/sale-ostrava.cz\/de\/proc-sale\/#breadcrumb\"},\"inLanguage\":\"de\",\"potentialAction\":[{\"@type\":\"ReadAction\",\"target\":[\"https:\/\/sale-ostrava.cz\/de\/proc-sale\/\"]}]},{\"@type\":\"BreadcrumbList\",\"@id\":\"https:\/\/sale-ostrava.cz\/de\/proc-sale\/#breadcrumb\",\"itemListElement\":[{\"@type\":\"ListItem\",\"position\":1,\"name\":\"Dom\u016f\",\"item\":\"https:\/\/sale-ostrava.cz\/de\/\"},{\"@type\":\"ListItem\",\"position\":2,\"name\":\"Warum SALE\"}]},{\"@type\":\"WebSite\",\"@id\":\"https:\/\/sale-ostrava.cz\/#website\",\"url\":\"https:\/\/sale-ostrava.cz\/\",\"name\":\"SALE s.r.o.\",\"description\":\"Zak\u00e1zkov\u00e1 v\u00fdroba obal\u016f, ta\u0161ek a reklamn\u00edch p\u0159edm\u011bt\u016f\",\"potentialAction\":[{\"@type\":\"SearchAction\",\"target\":{\"@type\":\"EntryPoint\",\"urlTemplate\":\"https:\/\/sale-ostrava.cz\/?s={search_term_string}\"},\"query-input\":{\"@type\":\"PropertyValueSpecification\",\"valueRequired\":true,\"valueName\":\"search_term_string\"}}],\"inLanguage\":\"de\"}]}<\/script>\n<!-- \/ Yoast SEO plugin. -->","yoast_head_json":{"title":"Warum SALE - SALE s.r.o.","robots":{"index":"index","follow":"follow","max-snippet":"max-snippet:-1","max-image-preview":"max-image-preview:large","max-video-preview":"max-video-preview:-1"},"canonical":"https:\/\/sale-ostrava.cz\/de\/proc-sale\/","og_locale":"de_DE","og_type":"article","og_title":"Warum SALE - SALE s.r.o.","og_url":"https:\/\/sale-ostrava.cz\/de\/proc-sale\/","og_site_name":"SALE s.r.o.","article_modified_time":"2021-10-26T09:59:38+00:00","twitter_card":"summary_large_image","schema":{"@context":"https:\/\/schema.org","@graph":[{"@type":"WebPage","@id":"https:\/\/sale-ostrava.cz\/de\/proc-sale\/","url":"https:\/\/sale-ostrava.cz\/de\/proc-sale\/","name":"Warum SALE - SALE s.r.o.","isPartOf":{"@id":"https:\/\/sale-ostrava.cz\/#website"},"datePublished":"2019-08-29T12:46:53+00:00","dateModified":"2021-10-26T09:59:38+00:00","breadcrumb":{"@id":"https:\/\/sale-ostrava.cz\/de\/proc-sale\/#breadcrumb"},"inLanguage":"de","potentialAction":[{"@type":"ReadAction","target":["https:\/\/sale-ostrava.cz\/de\/proc-sale\/"]}]},{"@type":"BreadcrumbList","@id":"https:\/\/sale-ostrava.cz\/de\/proc-sale\/#breadcrumb","itemListElement":[{"@type":"ListItem","position":1,"name":"Dom\u016f","item":"https:\/\/sale-ostrava.cz\/de\/"},{"@type":"ListItem","position":2,"name":"Warum SALE"}]},{"@type":"WebSite","@id":"https:\/\/sale-ostrava.cz\/#website","url":"https:\/\/sale-ostrava.cz\/","name":"SALE s.r.o.","description":"Zak\u00e1zkov\u00e1 v\u00fdroba obal\u016f, ta\u0161ek a reklamn\u00edch p\u0159edm\u011bt\u016f","potentialAction":[{"@type":"SearchAction","target":{"@type":"EntryPoint","urlTemplate":"https:\/\/sale-ostrava.cz\/?s={search_term_string}"},"query-input":{"@type":"PropertyValueSpecification","valueRequired":true,"valueName":"search_term_string"}}],"inLanguage":"de"}]}},"_links":{"self":[{"href":"https:\/\/sale-ostrava.cz\/de\/wp-json\/wp\/v2\/pages\/13029","targetHints":{"allow":["GET"]}}],"collection":[{"href":"https:\/\/sale-ostrava.cz\/de\/wp-json\/wp\/v2\/pages"}],"about":[{"href":"https:\/\/sale-ostrava.cz\/de\/wp-json\/wp\/v2\/types\/page"}],"author":[{"embeddable":true,"href":"https:\/\/sale-ostrava.cz\/de\/wp-json\/wp\/v2\/users\/1"}],"replies":[{"embeddable":true,"href":"https:\/\/sale-ostrava.cz\/de\/wp-json\/wp\/v2\/comments?post=13029"}],"version-history":[{"count":1,"href":"https:\/\/sale-ostrava.cz\/de\/wp-json\/wp\/v2\/pages\/13029\/revisions"}],"predecessor-version":[{"id":13315,"href":"https:\/\/sale-ostrava.cz\/de\/wp-json\/wp\/v2\/pages\/13029\/revisions\/13315"}],"wp:attachment":[{"href":"https:\/\/sale-ostrava.cz\/de\/wp-json\/wp\/v2\/media?parent=13029"}],"curies":[{"name":"wp","href":"https:\/\/api.w.org\/{rel}","templated":true}]}}