{"id":13021,"date":"2020-06-10T12:43:42","date_gmt":"2020-06-10T12:43:42","guid":{"rendered":"https:\/\/sale-ostrava.cz\/homepage\/"},"modified":"2026-01-07T15:24:39","modified_gmt":"2026-01-07T15:24:39","slug":"reklamni-tasky-a-obaly","status":"publish","type":"page","link":"https:\/\/sale-ostrava.cz\/de\/","title":{"rendered":"Homepage"},"content":{"rendered":"","protected":false},"excerpt":{"rendered":"","protected":false},"author":1,"featured_media":0,"parent":0,"menu_order":0,"comment_status":"closed","ping_status":"closed","template":"","meta":{"_acf_changed":false,"footnotes":""},"class_list":["post-13021","page","type-page","status-publish","hentry"],"acf":[],"yoast_head":"<!-- This site is optimized with the Yoast SEO plugin v27.0 - https:\/\/yoast.com\/product\/yoast-seo-wordpress\/ -->\n<title>Homepage - SALE s.r.o.<\/title>\n<meta name=\"description\" content=\"Vyr\u00e1b\u00edme reklamn\u00ed ta\u0161ky a obaly na zak\u00e1zku dle Va\u0161eho p\u0159\u00e1n\u00ed. Rychl\u00e1 realizace zak\u00e1zek. N\u00e1vrh a tiskov\u00e1 p\u0159\u00edprava zdarma.\" \/>\n<meta name=\"robots\" content=\"index, follow, max-snippet:-1, max-image-preview:large, max-video-preview:-1\" \/>\n<link rel=\"canonical\" href=\"https:\/\/sale-ostrava.cz\/de\/\" \/>\n<meta property=\"og:locale\" content=\"de_DE\" \/>\n<meta property=\"og:type\" content=\"article\" \/>\n<meta property=\"og:title\" content=\"Homepage - SALE s.r.o.\" \/>\n<meta property=\"og:description\" content=\"Vyr\u00e1b\u00edme reklamn\u00ed ta\u0161ky a obaly na zak\u00e1zku dle Va\u0161eho p\u0159\u00e1n\u00ed. Rychl\u00e1 realizace zak\u00e1zek. N\u00e1vrh a tiskov\u00e1 p\u0159\u00edprava zdarma.\" \/>\n<meta property=\"og:url\" content=\"https:\/\/sale-ostrava.cz\/de\/\" \/>\n<meta property=\"og:site_name\" content=\"SALE s.r.o.\" \/>\n<meta property=\"article:modified_time\" content=\"2026-01-07T15:24:39+00:00\" \/>\n<meta name=\"twitter:card\" content=\"summary_large_image\" \/>\n<script type=\"application\/ld+json\" class=\"yoast-schema-graph\">{\"@context\":\"https:\/\/schema.org\",\"@graph\":[{\"@type\":\"WebPage\",\"@id\":\"https:\/\/sale-ostrava.cz\/de\/\",\"url\":\"https:\/\/sale-ostrava.cz\/de\/\",\"name\":\"Homepage - SALE s.r.o.\",\"isPartOf\":{\"@id\":\"https:\/\/sale-ostrava.cz\/#website\"},\"datePublished\":\"2020-06-10T12:43:42+00:00\",\"dateModified\":\"2026-01-07T15:24:39+00:00\",\"description\":\"Vyr\u00e1b\u00edme reklamn\u00ed ta\u0161ky a obaly na zak\u00e1zku dle Va\u0161eho p\u0159\u00e1n\u00ed. Rychl\u00e1 realizace zak\u00e1zek. N\u00e1vrh a tiskov\u00e1 p\u0159\u00edprava zdarma.\",\"breadcrumb\":{\"@id\":\"https:\/\/sale-ostrava.cz\/de\/#breadcrumb\"},\"inLanguage\":\"de\",\"potentialAction\":[{\"@type\":\"ReadAction\",\"target\":[\"https:\/\/sale-ostrava.cz\/de\/\"]}]},{\"@type\":\"BreadcrumbList\",\"@id\":\"https:\/\/sale-ostrava.cz\/de\/#breadcrumb\",\"itemListElement\":[{\"@type\":\"ListItem\",\"position\":1,\"name\":\"Dom\u016f\",\"item\":\"https:\/\/sale-ostrava.cz\/de\/\"},{\"@type\":\"ListItem\",\"position\":2,\"name\":\"Homepage\"}]},{\"@type\":\"WebSite\",\"@id\":\"https:\/\/sale-ostrava.cz\/#website\",\"url\":\"https:\/\/sale-ostrava.cz\/\",\"name\":\"SALE s.r.o.\",\"description\":\"Zak\u00e1zkov\u00e1 v\u00fdroba obal\u016f, ta\u0161ek a reklamn\u00edch p\u0159edm\u011bt\u016f\",\"potentialAction\":[{\"@type\":\"SearchAction\",\"target\":{\"@type\":\"EntryPoint\",\"urlTemplate\":\"https:\/\/sale-ostrava.cz\/?s={search_term_string}\"},\"query-input\":{\"@type\":\"PropertyValueSpecification\",\"valueRequired\":true,\"valueName\":\"search_term_string\"}}],\"inLanguage\":\"de\"}]}<\/script>\n<!-- \/ Yoast SEO plugin. -->","yoast_head_json":{"title":"Homepage - SALE s.r.o.","description":"Vyr\u00e1b\u00edme reklamn\u00ed ta\u0161ky a obaly na zak\u00e1zku dle Va\u0161eho p\u0159\u00e1n\u00ed. Rychl\u00e1 realizace zak\u00e1zek. N\u00e1vrh a tiskov\u00e1 p\u0159\u00edprava zdarma.","robots":{"index":"index","follow":"follow","max-snippet":"max-snippet:-1","max-image-preview":"max-image-preview:large","max-video-preview":"max-video-preview:-1"},"canonical":"https:\/\/sale-ostrava.cz\/de\/","og_locale":"de_DE","og_type":"article","og_title":"Homepage - SALE s.r.o.","og_description":"Vyr\u00e1b\u00edme reklamn\u00ed ta\u0161ky a obaly na zak\u00e1zku dle Va\u0161eho p\u0159\u00e1n\u00ed. Rychl\u00e1 realizace zak\u00e1zek. N\u00e1vrh a tiskov\u00e1 p\u0159\u00edprava zdarma.","og_url":"https:\/\/sale-ostrava.cz\/de\/","og_site_name":"SALE s.r.o.","article_modified_time":"2026-01-07T15:24:39+00:00","twitter_card":"summary_large_image","schema":{"@context":"https:\/\/schema.org","@graph":[{"@type":"WebPage","@id":"https:\/\/sale-ostrava.cz\/de\/","url":"https:\/\/sale-ostrava.cz\/de\/","name":"Homepage - SALE s.r.o.","isPartOf":{"@id":"https:\/\/sale-ostrava.cz\/#website"},"datePublished":"2020-06-10T12:43:42+00:00","dateModified":"2026-01-07T15:24:39+00:00","description":"Vyr\u00e1b\u00edme reklamn\u00ed ta\u0161ky a obaly na zak\u00e1zku dle Va\u0161eho p\u0159\u00e1n\u00ed. Rychl\u00e1 realizace zak\u00e1zek. N\u00e1vrh a tiskov\u00e1 p\u0159\u00edprava zdarma.","breadcrumb":{"@id":"https:\/\/sale-ostrava.cz\/de\/#breadcrumb"},"inLanguage":"de","potentialAction":[{"@type":"ReadAction","target":["https:\/\/sale-ostrava.cz\/de\/"]}]},{"@type":"BreadcrumbList","@id":"https:\/\/sale-ostrava.cz\/de\/#breadcrumb","itemListElement":[{"@type":"ListItem","position":1,"name":"Dom\u016f","item":"https:\/\/sale-ostrava.cz\/de\/"},{"@type":"ListItem","position":2,"name":"Homepage"}]},{"@type":"WebSite","@id":"https:\/\/sale-ostrava.cz\/#website","url":"https:\/\/sale-ostrava.cz\/","name":"SALE s.r.o.","description":"Zak\u00e1zkov\u00e1 v\u00fdroba obal\u016f, ta\u0161ek a reklamn\u00edch p\u0159edm\u011bt\u016f","potentialAction":[{"@type":"SearchAction","target":{"@type":"EntryPoint","urlTemplate":"https:\/\/sale-ostrava.cz\/?s={search_term_string}"},"query-input":{"@type":"PropertyValueSpecification","valueRequired":true,"valueName":"search_term_string"}}],"inLanguage":"de"}]}},"_links":{"self":[{"href":"https:\/\/sale-ostrava.cz\/de\/wp-json\/wp\/v2\/pages\/13021","targetHints":{"allow":["GET"]}}],"collection":[{"href":"https:\/\/sale-ostrava.cz\/de\/wp-json\/wp\/v2\/pages"}],"about":[{"href":"https:\/\/sale-ostrava.cz\/de\/wp-json\/wp\/v2\/types\/page"}],"author":[{"embeddable":true,"href":"https:\/\/sale-ostrava.cz\/de\/wp-json\/wp\/v2\/users\/1"}],"replies":[{"embeddable":true,"href":"https:\/\/sale-ostrava.cz\/de\/wp-json\/wp\/v2\/comments?post=13021"}],"version-history":[{"count":4,"href":"https:\/\/sale-ostrava.cz\/de\/wp-json\/wp\/v2\/pages\/13021\/revisions"}],"predecessor-version":[{"id":17528,"href":"https:\/\/sale-ostrava.cz\/de\/wp-json\/wp\/v2\/pages\/13021\/revisions\/17528"}],"wp:attachment":[{"href":"https:\/\/sale-ostrava.cz\/de\/wp-json\/wp\/v2\/media?parent=13021"}],"curies":[{"name":"wp","href":"https:\/\/api.w.org\/{rel}","templated":true}]}}